{"id":2421,"date":"2025-03-08T08:06:19","date_gmt":"2025-03-08T07:06:19","guid":{"rendered":"http:\/\/www.mexiko-mexico.org\/?page_id=2421&#038;lang=es"},"modified":"2018-06-01T18:53:42","modified_gmt":"2018-06-01T17:53:42","slug":"lugares-y-ciudades-de-mexico-con-sus-atracciones-turisticas","status":"publish","type":"page","link":"https:\/\/www.mexiko-mexico.org\/es\/lugares-y-ciudades-de-mexico-con-sus-atracciones-turisticas\/","title":{"rendered":"Lugares y ciudades de M\u00e9xico con sus atracciones tur\u00edsticas"},"content":{"rendered":"<figure id=\"attachment_2422\" aria-describedby=\"caption-attachment-2422\" style=\"width: 810px\" class=\"wp-caption alignnone\"><a href=\"https:\/\/www.mexiko-mexico.org\/fotos\/Lugares.jpg\" data-lbwps-width=\"1920\" data-lbwps-height=\"1275\" data-lbwps-srcsmall=\"https:\/\/www.mexiko-mexico.org\/fotos\/Lugares-390x259.jpg\" data-lbwps-caption=\"Lugares y ciudades de M\u00e9xico con sus atracciones tur\u00edsticas\"><img loading=\"lazy\" decoding=\"async\" class=\"size-medium wp-image-2422\" src=\"https:\/\/www.mexiko-mexico.org\/fotos\/\/Lugares-810x538.jpg\" alt=\"Lugares y ciudades de M\u00e9xico con sus atracciones tur\u00edsticas\" width=\"810\" height=\"538\" data-id=\"2422\" srcset=\"https:\/\/www.mexiko-mexico.org\/fotos\/Lugares-810x538.jpg 810w, https:\/\/www.mexiko-mexico.org\/fotos\/Lugares-390x259.jpg 390w, https:\/\/www.mexiko-mexico.org\/fotos\/Lugares.jpg 1920w, https:\/\/www.mexiko-mexico.org\/fotos\/Lugares-380x253.jpg 380w\" sizes=\"auto, (max-width: 810px) 100vw, 810px\" \/><\/a><figcaption id=\"caption-attachment-2422\" class=\"wp-caption-text\">Lugares y ciudades de M\u00e9xico con sus atracciones tur\u00edsticas<\/figcaption><\/figure>\n<h2>Lugares, pueblos y ciudades de M\u00e9xico con sus atracciones tur\u00edsticas:<\/h2>\n<div id='Lugares_y_ciudades_de_M\u00e9xico_con_sus_atracciones_tur\u00edsticas' class='widgets_on_page wop_tiny1  wop_small1  wop_medium1  wop_large1  wop_wide1'>\n\t\t\t<ul><li id=\"lc_taxonomy-11\" class=\"widget widget_lc_taxonomy\"><div id=\"lct-widget-ort-container\" class=\"list-custom-taxonomy-widget\"><ul id=\"lct-widget-ort\">\t<li class=\"cat-item cat-item-567\"><a href=\"https:\/\/www.mexiko-mexico.org\/es\/ort\/abala-es\/\">Abal\u00e1<\/a> (0)\n<\/li>\n\t<li class=\"cat-item cat-item-186\"><a href=\"https:\/\/www.mexiko-mexico.org\/es\/ort\/akumal-es\/\">Akumal<\/a> (3)\n<\/li>\n\t<li class=\"cat-item cat-item-568\"><a href=\"https:\/\/www.mexiko-mexico.org\/es\/ort\/cacao-es\/\">Cacao<\/a> (0)\n<\/li>\n\t<li class=\"cat-item cat-item-183\"><a href=\"https:\/\/www.mexiko-mexico.org\/es\/ort\/cancun-es\/\">Canc\u00fan<\/a> (3)\n<\/li>\n\t<li class=\"cat-item cat-item-189\"><a href=\"https:\/\/www.mexiko-mexico.org\/es\/ort\/celestun-es\/\">Celest\u00fan<\/a> (1)\n<\/li>\n\t<li class=\"cat-item cat-item-570\"><a href=\"https:\/\/www.mexiko-mexico.org\/es\/ort\/champoton-es\/\">Champot\u00f3n<\/a> (0)\n<\/li>\n\t<li class=\"cat-item cat-item-188\"><a href=\"https:\/\/www.mexiko-mexico.org\/es\/ort\/chelem-es\/\">Chelem<\/a> (1)\n<\/li>\n\t<li class=\"cat-item cat-item-192\"><a href=\"https:\/\/www.mexiko-mexico.org\/es\/ort\/chicxulub-puerto-es\/\">Chicxulub Puerto<\/a> (1)\n<\/li>\n\t<li class=\"cat-item cat-item-194\"><a href=\"https:\/\/www.mexiko-mexico.org\/es\/ort\/chochola-es\/\">Chochola<\/a> (1)\n<\/li>\n\t<li class=\"cat-item cat-item-196\"><a href=\"https:\/\/www.mexiko-mexico.org\/es\/ort\/chuburna-es\/\">Chuburn\u00e1<\/a> (1)\n<\/li>\n\t<li class=\"cat-item cat-item-572\"><a href=\"https:\/\/www.mexiko-mexico.org\/es\/ort\/coba-es\/\">Cob\u00e1<\/a> (0)\n<\/li>\n\t<li class=\"cat-item cat-item-198\"><a href=\"https:\/\/www.mexiko-mexico.org\/es\/ort\/cuzama-es\/\">Cuzam\u00e1<\/a> (3)\n<\/li>\n\t<li class=\"cat-item cat-item-200\"><a href=\"https:\/\/www.mexiko-mexico.org\/es\/ort\/dzibilchaltun-es\/\">Dzibilchalt\u00fan<\/a> (5)\n<\/li>\n\t<li class=\"cat-item cat-item-202\"><a href=\"https:\/\/www.mexiko-mexico.org\/es\/ort\/kopoma-es\/\">Kopoma<\/a> (1)\n<\/li>\n\t<li class=\"cat-item cat-item-203\"><a href=\"https:\/\/www.mexiko-mexico.org\/es\/ort\/la-venta-es\/\">La Venta<\/a> (1)\n<\/li>\n\t<li class=\"cat-item cat-item-206\"><a href=\"https:\/\/www.mexiko-mexico.org\/es\/ort\/merida-es\/\">M\u00e9rida<\/a> (12)\n<\/li>\n\t<li class=\"cat-item cat-item-574\"><a href=\"https:\/\/www.mexiko-mexico.org\/es\/ort\/mucuyche-es\/\">Mucuych\u00e9<\/a> (0)\n<\/li>\n\t<li class=\"cat-item cat-item-575\"><a href=\"https:\/\/www.mexiko-mexico.org\/es\/ort\/nuevo-durango-es\/\" title=\"Nuevo Durango ist ein kleiner Ort im Bundesstaat Quintana Roo. In der N\u00e4he befindet sich das Naturschutzgebiet Punta Laguna\">Nuevo Durango<\/a> (0)\n<\/li>\n\t<li class=\"cat-item cat-item-207\"><a href=\"https:\/\/www.mexiko-mexico.org\/es\/ort\/palenque-es\/\">Palenque<\/a> (6)\n<\/li>\n\t<li class=\"cat-item cat-item-209\"><a href=\"https:\/\/www.mexiko-mexico.org\/es\/ort\/playa-del-carmen-es\/\">Playa del Carmen<\/a> (2)\n<\/li>\n\t<li class=\"cat-item cat-item-211\"><a href=\"https:\/\/www.mexiko-mexico.org\/es\/ort\/progreso-es\/\">Progreso<\/a> (4)\n<\/li>\n\t<li class=\"cat-item cat-item-180\"><a href=\"https:\/\/www.mexiko-mexico.org\/es\/ort\/puerto-morelos-es\/\">Puerto Morelos<\/a> (7)\n<\/li>\n\t<li class=\"cat-item cat-item-178\"><a href=\"https:\/\/www.mexiko-mexico.org\/es\/ort\/san-juan-chancalaito-es\/\">San Juan Chancala\u00edto<\/a> (1)\n<\/li>\n\t<li class=\"cat-item cat-item-176\"><a href=\"https:\/\/www.mexiko-mexico.org\/es\/ort\/tenosique-es\/\">Tenosique<\/a> (2)\n<\/li>\n\t<li class=\"cat-item cat-item-174\"><a href=\"https:\/\/www.mexiko-mexico.org\/es\/ort\/teotihuacan-es\/\">Teotihuac\u00e1n<\/a> (1)\n<\/li>\n\t<li class=\"cat-item cat-item-577\"><a href=\"https:\/\/www.mexiko-mexico.org\/es\/ort\/tixkokob-es\/\">Tixkokob<\/a> (0)\n<\/li>\n\t<li class=\"cat-item cat-item-171\"><a href=\"https:\/\/www.mexiko-mexico.org\/es\/ort\/tulum-es\/\">Tulum<\/a> (8)\n<\/li>\n\t<li class=\"cat-item cat-item-214\"><a href=\"https:\/\/www.mexiko-mexico.org\/es\/ort\/uman-es\/\">Um\u00e1n<\/a> (1)\n<\/li>\n\t<li class=\"cat-item cat-item-578\"><a href=\"https:\/\/www.mexiko-mexico.org\/es\/ort\/valladolid-es\/\">Valladolid<\/a> (0)\n<\/li>\n\t<li class=\"cat-item cat-item-216\"><a href=\"https:\/\/www.mexiko-mexico.org\/es\/ort\/villahermosa-es\/\">Villahermosa<\/a> (1)\n<\/li>\n\t<li class=\"cat-item cat-item-218\"><a href=\"https:\/\/www.mexiko-mexico.org\/es\/ort\/yaxcopoil-es\/\">Yaxcopoil<\/a> (1)\n<\/li>\n<\/ul><\/div><\/li><\/ul><\/div><!-- widgets_on_page -->\n<h2>Atracciones tur\u00edsticas:<\/h2>\n<div class=\"pt-cv-wrapper\"><div class=\"pt-cv-view pt-cv-grid pt-cv-colsys pt-cv-same-height pt-cv-center\" id=\"pt-cv-view-a0e588e8b2\"><div data-id=\"pt-cv-page-1\" class=\"pt-cv-page\" data-cvc=\"3\" data-cvct=\"2\" data-cvcm=\"2\"><div class=\"col-md-4 col-sm-6 col-xs-6 pt-cv-content-item pt-cv-1-col\"  data-pid=\"2349\"><div class='pt-cv-ifield'><div class=\"pt-cv-specialp\"><span class=\"terms\"> <a href='https:\/\/www.mexiko-mexico.org\/es\/ort\/dzibilchaltun-es\/' title='Dzibilchalt\u00fan' class='pt-cv-tax-dzibilchaltun-es'>Dzibilchalt\u00fan<\/a>, <a href='https:\/\/www.mexiko-mexico.org\/es\/ort\/merida-es\/' title='M\u00e9rida' class='pt-cv-tax-merida-es'>M\u00e9rida<\/a><\/span><\/div>\n<a href=\"https:\/\/www.mexiko-mexico.org\/es\/piramide-de-dzibilchaltun-en-merida\/\" class=\"_self pt-cv-href-thumbnail pt-cv-thumb-default cvplbd\" target=\"_self\" ><img loading=\"lazy\" decoding=\"async\" width=\"390\" height=\"195\" src=\"https:\/\/www.mexiko-mexico.org\/fotos\/Dzibilchaltun-Pyramide-2-390x195.jpg\" class=\"pt-cv-thumbnail img-none skip-lazy \" alt=\"Pir\u00e1mide de Dzibilchalt\u00fan en M\u00e9rida\" \/><\/a>\n<h4 class=\"pt-cv-title\"><a href=\"https:\/\/www.mexiko-mexico.org\/es\/piramide-de-dzibilchaltun-en-merida\/\" class=\"_self cvplbd\" target=\"_self\" >Pir\u00e1mide de Dzibilchalt\u00fan en M\u00e9rida<\/a><\/h4><\/div><\/div>\n<div class=\"col-md-4 col-sm-6 col-xs-6 pt-cv-content-item pt-cv-1-col\"  data-pid=\"2329\"><div class='pt-cv-ifield'><div class=\"pt-cv-specialp\"><span class=\"terms\"> <a href='https:\/\/www.mexiko-mexico.org\/es\/ort\/merida-es\/' title='M\u00e9rida' class='pt-cv-tax-merida-es'>M\u00e9rida<\/a>, <a href='https:\/\/www.mexiko-mexico.org\/es\/ort\/progreso-es\/' title='Progreso' class='pt-cv-tax-progreso-es'>Progreso<\/a><\/span><\/div>\n<a href=\"https:\/\/www.mexiko-mexico.org\/es\/flamencos-en-progreso\/\" class=\"_self pt-cv-href-thumbnail pt-cv-thumb-default cvplbd\" target=\"_self\" ><img loading=\"lazy\" decoding=\"async\" width=\"390\" height=\"259\" src=\"https:\/\/www.mexiko-mexico.org\/fotos\/Flamingos-Progreso-1-390x259.jpg\" class=\"pt-cv-thumbnail img-none skip-lazy \" alt=\"Flamencos en Progreso\" \/><\/a>\n<h4 class=\"pt-cv-title\"><a href=\"https:\/\/www.mexiko-mexico.org\/es\/flamencos-en-progreso\/\" class=\"_self cvplbd\" target=\"_self\" >Flamencos en Progreso<\/a><\/h4><\/div><\/div>\n<div class=\"col-md-4 col-sm-6 col-xs-6 pt-cv-content-item pt-cv-1-col\"  data-pid=\"2414\"><div class='pt-cv-ifield'><div class=\"pt-cv-specialp\"><span class=\"terms\"> <a href='https:\/\/www.mexiko-mexico.org\/es\/ort\/tulum-es\/' title='Tulum' class='pt-cv-tax-tulum-es'>Tulum<\/a><\/span><\/div>\n<a href=\"https:\/\/www.mexiko-mexico.org\/es\/fotos-de-la-zona-arqueologica-de-tulum\/\" class=\"_self pt-cv-href-thumbnail pt-cv-thumb-default cvplbd\" target=\"_self\" ><img loading=\"lazy\" decoding=\"async\" width=\"390\" height=\"259\" src=\"https:\/\/www.mexiko-mexico.org\/fotos\/Tulum-Haus-Halach-Uinic-390x259.jpg\" class=\"pt-cv-thumbnail img-none skip-lazy \" alt=\"Fotos de la zona arqueol\u00f3gica de Tulum\" \/><\/a>\n<h4 class=\"pt-cv-title\"><a href=\"https:\/\/www.mexiko-mexico.org\/es\/fotos-de-la-zona-arqueologica-de-tulum\/\" class=\"_self cvplbd\" target=\"_self\" >Fotos de la zona arqueol\u00f3gica de Tulum<\/a><\/h4><\/div><\/div>\n<div class=\"col-md-4 col-sm-6 col-xs-6 pt-cv-content-item pt-cv-1-col\"  data-pid=\"2373\"><div class='pt-cv-ifield'><div class=\"pt-cv-specialp\"><span class=\"terms\"> <a href='https:\/\/www.mexiko-mexico.org\/es\/ort\/akumal-es\/' title='Akumal' class='pt-cv-tax-akumal-es'>Akumal<\/a><\/span><\/div>\n<a href=\"https:\/\/www.mexiko-mexico.org\/es\/laguna-yal-ku\/\" class=\"_self pt-cv-href-thumbnail pt-cv-thumb-default cvplbd\" target=\"_self\" ><img loading=\"lazy\" decoding=\"async\" width=\"390\" height=\"259\" src=\"https:\/\/www.mexiko-mexico.org\/fotos\/Laguna-Yal-ku-390x259.jpg\" class=\"pt-cv-thumbnail img-none skip-lazy \" alt=\"Laguna Yal-ku\" \/><\/a>\n<h4 class=\"pt-cv-title\"><a href=\"https:\/\/www.mexiko-mexico.org\/es\/laguna-yal-ku\/\" class=\"_self cvplbd\" target=\"_self\" >Laguna Yal-ku<\/a><\/h4><\/div><\/div>\n<div class=\"col-md-4 col-sm-6 col-xs-6 pt-cv-content-item pt-cv-1-col\"  data-pid=\"2340\"><div class='pt-cv-ifield'><div class=\"pt-cv-specialp\"><span class=\"terms\"> <a href='https:\/\/www.mexiko-mexico.org\/es\/ort\/puerto-morelos-es\/' title='Puerto Morelos' class='pt-cv-tax-puerto-morelos-es'>Puerto Morelos<\/a><\/span><\/div>\n<a href=\"https:\/\/www.mexiko-mexico.org\/es\/cenote-las-mojarras\/\" class=\"_self pt-cv-href-thumbnail pt-cv-thumb-default cvplbd\" target=\"_self\" ><img loading=\"lazy\" decoding=\"async\" width=\"390\" height=\"259\" src=\"https:\/\/www.mexiko-mexico.org\/fotos\/Cenlote-Las-Mojarras-390x259.jpg\" class=\"pt-cv-thumbnail img-none skip-lazy \" alt=\"Cenote Las Mojarras\" \/><\/a>\n<h4 class=\"pt-cv-title\"><a href=\"https:\/\/www.mexiko-mexico.org\/es\/cenote-las-mojarras\/\" class=\"_self cvplbd\" target=\"_self\" >Cenote Las Mojarras<\/a><\/h4><\/div><\/div>\n<div class=\"col-md-4 col-sm-6 col-xs-6 pt-cv-content-item pt-cv-1-col\"  data-pid=\"2402\"><div class='pt-cv-ifield'><div class=\"pt-cv-specialp\"><span class=\"terms\"> <a href='https:\/\/www.mexiko-mexico.org\/es\/ort\/la-venta-es\/' title='La Venta' class='pt-cv-tax-la-venta-es'>La Venta<\/a>, <a href='https:\/\/www.mexiko-mexico.org\/es\/ort\/villahermosa-es\/' title='Villahermosa' class='pt-cv-tax-villahermosa-es'>Villahermosa<\/a><\/span><\/div>\n<a href=\"https:\/\/www.mexiko-mexico.org\/es\/parque-la-venta-en-villahermosa\/\" class=\"_self pt-cv-href-thumbnail pt-cv-thumb-default cvplbd\" target=\"_self\" ><img loading=\"lazy\" decoding=\"async\" width=\"390\" height=\"293\" src=\"https:\/\/www.mexiko-mexico.org\/fotos\/La-Venta-Villahermosa-390x293.jpg\" class=\"pt-cv-thumbnail img-none skip-lazy \" alt=\"Parque La Venta en Villahermosa\" \/><\/a>\n<h4 class=\"pt-cv-title\"><a href=\"https:\/\/www.mexiko-mexico.org\/es\/parque-la-venta-en-villahermosa\/\" class=\"_self cvplbd\" target=\"_self\" >Parque La Venta en Villahermosa<\/a><\/h4><\/div><\/div><\/div><\/div><\/div>\t\t\t<style type=\"text\/css\" id=\"pt-cv-inline-style-0ecbe8dt20\">#pt-cv-view-a0e588e8b2 .pt-cv-content-item { padding-bottom: 0px !important; }\n#pt-cv-view-a0e588e8b2  { margin-top: 0px !important; margin-right: 0px !important; margin-bottom: 0px !important; margin-left: 0px !important; }\n#pt-cv-view-a0e588e8b2 .pt-cv-ifield { padding-top: 0px !important; padding-right: 0px !important; padding-bottom: 0px !important; padding-left: 0px !important; }\n#pt-cv-view-a0e588e8b2 .pt-cv-title a, #pt-cv-view-a0e588e8b2  .panel-title { font-family: 'Open Sans', Arial, serif !important; font-size: 17px !important; line-height: 1.3 !important; font-weight: 600 !important; }\n#pt-cv-view-a0e588e8b2 .pt-cv-specialp { background-color: #ffffff !important }\n#pt-cv-view-a0e588e8b2 .pt-cv-specialp * { font-family: 'Open Sans', Arial, serif !important; font-size: 13px !important; line-height: 1.3 !important; color: #000000 !important; font-weight: 600 !important; }\n#pt-cv-view-a0e588e8b2 .pt-cv-readmore  { font-size: 13px !important; line-height: 1.3 !important; color: #1e73be !important; }\n#pt-cv-view-a0e588e8b2 .pt-cv-tao  { font-size: 20px !important; line-height: 1.3 !important; color: #ffffff !important; background-color: #00aeef !important; }\n#pt-cv-view-a0e588e8b2 { text-align: center; }<\/style>\r\n\t\t\t<link href='\/\/fonts.googleapis.com\/css?family=Open+Sans' rel='stylesheet' type='text\/css'>\n","protected":false},"excerpt":{"rendered":"<p>Lugares, pueblos y ciudades de M\u00e9xico con sus atracciones tur\u00edsticas: Atracciones tur\u00edsticas:<\/p>\n","protected":false},"author":2,"featured_media":2056,"parent":0,"menu_order":0,"comment_status":"open","ping_status":"open","template":"","meta":{"_acf_changed":false,"_genesis_hide_title":false,"_genesis_hide_breadcrumbs":false,"_genesis_hide_singular_image":false,"_genesis_hide_footer_widgets":false,"_genesis_custom_body_class":"","_genesis_custom_post_class":"","_genesis_layout":"","footnotes":""},"estado":[],"municipio":[],"ort":[],"class_list":{"0":"post-2421","1":"page","2":"type-page","3":"status-publish","4":"has-post-thumbnail","6":"entry"},"acf":[],"featured_image_src":"https:\/\/www.mexiko-mexico.org\/fotos\/Mexiko-Orte-Staedte.jpg","featured_image_src_square":"https:\/\/www.mexiko-mexico.org\/fotos\/Mexiko-Orte-Staedte.jpg","_links":{"self":[{"href":"https:\/\/www.mexiko-mexico.org\/es\/wp-json\/wp\/v2\/pages\/2421","targetHints":{"allow":["GET"]}}],"collection":[{"href":"https:\/\/www.mexiko-mexico.org\/es\/wp-json\/wp\/v2\/pages"}],"about":[{"href":"https:\/\/www.mexiko-mexico.org\/es\/wp-json\/wp\/v2\/types\/page"}],"author":[{"embeddable":true,"href":"https:\/\/www.mexiko-mexico.org\/es\/wp-json\/wp\/v2\/users\/2"}],"replies":[{"embeddable":true,"href":"https:\/\/www.mexiko-mexico.org\/es\/wp-json\/wp\/v2\/comments?post=2421"}],"version-history":[{"count":3,"href":"https:\/\/www.mexiko-mexico.org\/es\/wp-json\/wp\/v2\/pages\/2421\/revisions"}],"predecessor-version":[{"id":2835,"href":"https:\/\/www.mexiko-mexico.org\/es\/wp-json\/wp\/v2\/pages\/2421\/revisions\/2835"}],"wp:featuredmedia":[{"embeddable":true,"href":"https:\/\/www.mexiko-mexico.org\/es\/wp-json\/wp\/v2\/media\/2056"}],"wp:attachment":[{"href":"https:\/\/www.mexiko-mexico.org\/es\/wp-json\/wp\/v2\/media?parent=2421"}],"wp:term":[{"taxonomy":"estado","embeddable":true,"href":"https:\/\/www.mexiko-mexico.org\/es\/wp-json\/wp\/v2\/estado?post=2421"},{"taxonomy":"municipio","embeddable":true,"href":"https:\/\/www.mexiko-mexico.org\/es\/wp-json\/wp\/v2\/municipio?post=2421"},{"taxonomy":"ort","embeddable":true,"href":"https:\/\/www.mexiko-mexico.org\/es\/wp-json\/wp\/v2\/ort?post=2421"}],"curies":[{"name":"wp","href":"https:\/\/api.w.org\/{rel}","templated":true}]}}